{"id":1290,"date":"2023-02-01T16:23:32","date_gmt":"2023-02-01T16:23:32","guid":{"rendered":"https:\/\/avadawebsites.wpengine.com\/life-coach\/?page_id=5"},"modified":"2025-10-28T20:54:56","modified_gmt":"2025-10-28T20:54:56","slug":"home","status":"publish","type":"page","link":"https:\/\/wiodahl.se\/","title":{"rendered":"Home"},"content":{"rendered":"<p><div class=\"fusion-fullwidth fullwidth-box fusion-builder-row-1 fusion-flex-container has-pattern-background has-mask-background hundred-percent-fullwidth non-hundred-percent-height-scrolling\" style=\"--awb-border-radius-top-left:0px;--awb-border-radius-top-right:0px;--awb-border-radius-bottom-right:0px;--awb-border-radius-bottom-left:0px;--awb-padding-right:0px;--awb-padding-bottom:0px;--awb-padding-left:0px;--awb-margin-bottom:0px;--awb-flex-wrap:wrap;\" ><div class=\"fusion-builder-row fusion-row fusion-flex-align-items-flex-start fusion-flex-content-wrap\" style=\"width:104% !important;max-width:104% !important;margin-left: calc(-4% \/ 2 );margin-right: calc(-4% \/ 2 );\"><div class=\"fusion-layout-column fusion_builder_column fusion-builder-column-0 fusion_builder_column_1_1 1_1 fusion-flex-column\" style=\"--awb-padding-bottom:50px;--awb-bg-size:cover;--awb-width-large:100%;--awb-margin-top-large:0px;--awb-spacing-right-large:1.92%;--awb-margin-bottom-large:20px;--awb-spacing-left-large:1.92%;--awb-width-medium:100%;--awb-order-medium:0;--awb-spacing-right-medium:1.92%;--awb-spacing-left-medium:1.92%;--awb-width-small:100%;--awb-order-small:0;--awb-spacing-right-small:1.92%;--awb-spacing-left-small:1.92%;\"><div class=\"fusion-column-wrapper fusion-column-has-shadow fusion-flex-justify-content-flex-start fusion-content-layout-column\"><div class=\"awb-gallery-wrapper awb-gallery-wrapper-1 button-span-no\" style=\"--more-btn-alignment:center;\"><div style=\"margin:-5px;--awb-bordersize:0px;\" class=\"fusion-gallery fusion-gallery-container fusion-grid-3 fusion-columns-total-2 fusion-gallery-layout-grid fusion-gallery-1\"><div style=\"padding:5px;\" class=\"fusion-grid-column fusion-gallery-column fusion-gallery-column-3 hover-type-none\"><div class=\"fusion-gallery-image\"><a href=\"https:\/\/wiodahl.se\/wp-content\/uploads\/2025\/10\/IMG_2408-scaled-1.jpg\" rel=\"noreferrer\" data-rel=\"iLightbox[gallery_image_1]\" class=\"fusion-lightbox\" target=\"_self\"><img decoding=\"async\" src=\"https:\/\/wiodahl.se\/wp-content\/uploads\/2025\/10\/IMG_2408-scaled-1.jpg\" data-orig-src=\"https:\/\/wiodahl.se\/wp-content\/uploads\/2025\/10\/IMG_2408-scaled-1.jpg\" width=\"2560\" height=\"1707\" alt=\"\" title=\"IMG_2408-scaled\" aria-label=\"IMG_2408-scaled\" class=\"lazyload img-responsive wp-image-1446\" srcset=\"data:image\/svg+xml,%3Csvg%20xmlns%3D%27http%3A%2F%2Fwww.w3.org%2F2000%2Fsvg%27%20width%3D%272560%27%20height%3D%271707%27%20viewBox%3D%270%200%202560%201707%27%3E%3Crect%20width%3D%272560%27%20height%3D%271707%27%20fill-opacity%3D%220%22%2F%3E%3C%2Fsvg%3E\" data-srcset=\"https:\/\/wiodahl.se\/wp-content\/uploads\/2025\/10\/IMG_2408-scaled-1-200x133.jpg 200w, https:\/\/wiodahl.se\/wp-content\/uploads\/2025\/10\/IMG_2408-scaled-1-400x267.jpg 400w, https:\/\/wiodahl.se\/wp-content\/uploads\/2025\/10\/IMG_2408-scaled-1-600x400.jpg 600w, https:\/\/wiodahl.se\/wp-content\/uploads\/2025\/10\/IMG_2408-scaled-1-800x533.jpg 800w, https:\/\/wiodahl.se\/wp-content\/uploads\/2025\/10\/IMG_2408-scaled-1-1200x800.jpg 1200w, https:\/\/wiodahl.se\/wp-content\/uploads\/2025\/10\/IMG_2408-scaled-1.jpg 2560w\" data-sizes=\"auto\" data-orig-sizes=\"(min-width: 2200px) 100vw, (min-width: 824px) 397px, (min-width: 732px) 595px, (min-width: 640px) 732px, \" \/><\/a><\/div><\/div><div style=\"padding:5px;\" class=\"fusion-grid-column fusion-gallery-column fusion-gallery-column-3 hover-type-none\"><div class=\"fusion-gallery-image\"><a href=\"https:\/\/wiodahl.se\/wp-content\/uploads\/2025\/06\/IMG_2386-scaled.jpg\" rel=\"noreferrer\" data-rel=\"iLightbox[gallery_image_1]\" class=\"fusion-lightbox\" target=\"_self\"><img decoding=\"async\" src=\"https:\/\/wiodahl.se\/wp-content\/uploads\/2025\/06\/IMG_2386-scaled.jpg\" data-orig-src=\"https:\/\/wiodahl.se\/wp-content\/uploads\/2025\/06\/IMG_2386-scaled.jpg\" width=\"2560\" height=\"1707\" alt=\"\" title=\"IMG_2386\" aria-label=\"IMG_2386\" class=\"lazyload img-responsive wp-image-1337\" srcset=\"data:image\/svg+xml,%3Csvg%20xmlns%3D%27http%3A%2F%2Fwww.w3.org%2F2000%2Fsvg%27%20width%3D%272560%27%20height%3D%271707%27%20viewBox%3D%270%200%202560%201707%27%3E%3Crect%20width%3D%272560%27%20height%3D%271707%27%20fill-opacity%3D%220%22%2F%3E%3C%2Fsvg%3E\" data-srcset=\"https:\/\/wiodahl.se\/wp-content\/uploads\/2025\/06\/IMG_2386-200x133.jpg 200w, https:\/\/wiodahl.se\/wp-content\/uploads\/2025\/06\/IMG_2386-400x267.jpg 400w, https:\/\/wiodahl.se\/wp-content\/uploads\/2025\/06\/IMG_2386-600x400.jpg 600w, https:\/\/wiodahl.se\/wp-content\/uploads\/2025\/06\/IMG_2386-800x533.jpg 800w, https:\/\/wiodahl.se\/wp-content\/uploads\/2025\/06\/IMG_2386-1200x800.jpg 1200w, https:\/\/wiodahl.se\/wp-content\/uploads\/2025\/06\/IMG_2386-scaled.jpg 2560w\" data-sizes=\"auto\" data-orig-sizes=\"(min-width: 2200px) 100vw, (min-width: 824px) 397px, (min-width: 732px) 595px, (min-width: 640px) 732px, \" \/><\/a><\/div><\/div><\/div><\/div><\/div><\/div><\/div><\/div><div class=\"fusion-fullwidth fullwidth-box fusion-builder-row-2 fusion-flex-container has-pattern-background has-mask-background nonhundred-percent-fullwidth non-hundred-percent-height-scrolling\" style=\"--awb-border-radius-top-left:0px;--awb-border-radius-top-right:0px;--awb-border-radius-bottom-right:0px;--awb-border-radius-bottom-left:0px;--awb-padding-right:96px;--awb-padding-bottom:0px;--awb-padding-left:89px;--awb-padding-top-small:0px;--awb-margin-top:0px;--awb-margin-top-small:0px;--awb-flex-wrap:wrap;\" ><div class=\"fusion-builder-row fusion-row fusion-flex-align-items-flex-start fusion-flex-content-wrap\" style=\"max-width:1248px;margin-left: calc(-4% \/ 2 );margin-right: calc(-4% \/ 2 );\"><div class=\"fusion-layout-column fusion_builder_column fusion-builder-column-1 fusion_builder_column_2_3 2_3 fusion-flex-column\" style=\"--awb-bg-size:cover;--awb-width-large:66.666666666667%;--awb-margin-top-large:0px;--awb-spacing-right-large:2.88%;--awb-margin-bottom-large:20px;--awb-spacing-left-large:2.88%;--awb-width-medium:66.666666666667%;--awb-order-medium:0;--awb-spacing-right-medium:2.88%;--awb-spacing-left-medium:2.88%;--awb-width-small:100%;--awb-order-small:0;--awb-spacing-right-small:1.92%;--awb-spacing-left-small:1.92%;\"><div class=\"fusion-column-wrapper fusion-column-has-shadow fusion-flex-justify-content-flex-start fusion-content-layout-column\"><div class=\"fusion-text fusion-text-1\"><p>V\u00e4lkommen!<\/p>\n<p>Till Wiodahl H\u00e4st &amp; Ryttare. Hemsidan \u00e4r under uppbyggnad men du \u00e4r varmt v\u00e4lkommen att kika runt \u00e4nd\u00e5. Jag som \u00e4ger och driver Wiodahl H\u00e4st &amp; Ryttare heter Liv Wiodahl. <\/p>\n<p>Jag \u00e4r verksam i V\u00e4sternorrland som ambulerande instrukt\u00f6r och utg\u00e5r fr\u00e5n L\u00e5ngsele\/Sollefte\u00e5! Jag kommer ut till dig\/er och h\u00e5ller lektioner eller kursen inom Centrerad Ridning och\/eller SWUS-Uppbyggande tr\u00e4ning f\u00f6r h\u00e5llbara h\u00e4star! Jag \u00e4r bokningsbar f\u00f6r kurser inom hela landet, h\u00f6r av dig vid f\u00f6rfr\u00e5gan och f\u00f6r offert!  <\/p>\n<p>Centered Riding\u00ae<\/p>\n<p>Centrerad ridning \u00e4r en innovativ metod f\u00f6r att l\u00e4ra och undervisa i ridning, d\u00e4r kroppsk\u00e4nnedom, centrering och bildspr\u00e5k \u00e4r centrala delar av undervisningen. Centrerad ridning \u00e4r inte en egen metod f\u00f6r ridning utan omfattar alla discipliner och niv\u00e5er. CR m\u00f6jligg\u00f6r tydligare kommunikation mellan h\u00e4st, ryttare och instrukt\u00f6r och fr\u00e4mjar samspelet och k\u00e4nslan av att vara ett mellan h\u00e4st och ryttare..<\/p>\n<p style=\"padding-left: 0px;\">Centrerad ridning \u00e4r en innovativ pedagogisk metod f\u00f6r ridl\u00e4ra som utvecklades av Sally Swift och fokuserar p\u00e5 balans, kroppskontroll och mental n\u00e4rvaro. Under fliken metoder kan du l\u00e4sa mer om centrerad ridning.<\/p>\n<\/div><\/div><\/div><div class=\"fusion-layout-column fusion_builder_column fusion-builder-column-2 fusion_builder_column_1_3 1_3 fusion-flex-column fusion-flex-align-self-stretch\" style=\"--awb-bg-size:cover;--awb-width-large:33.333333333333%;--awb-margin-top-large:0px;--awb-spacing-right-large:5.76%;--awb-margin-bottom-large:0px;--awb-spacing-left-large:5.76%;--awb-width-medium:33.333333333333%;--awb-order-medium:0;--awb-spacing-right-medium:5.76%;--awb-spacing-left-medium:5.76%;--awb-width-small:100%;--awb-order-small:0;--awb-spacing-right-small:1.92%;--awb-spacing-left-small:1.92%;\"><div class=\"fusion-column-wrapper fusion-column-has-shadow fusion-flex-justify-content-space-evenly fusion-content-layout-column\"><div class=\"fusion-image-element \" style=\"text-align:center;--awb-caption-title-font-family:var(--h2_typography-font-family);--awb-caption-title-font-weight:var(--h2_typography-font-weight);--awb-caption-title-font-style:var(--h2_typography-font-style);--awb-caption-title-size:var(--h2_typography-font-size);--awb-caption-title-transform:var(--h2_typography-text-transform);--awb-caption-title-line-height:var(--h2_typography-line-height);--awb-caption-title-letter-spacing:var(--h2_typography-letter-spacing);\"><span class=\" fusion-imageframe imageframe-none imageframe-1 hover-type-none fusion-animated\" data-animationType=\"fadeInLeft\" data-animationDuration=\"0.3\" data-animationOffset=\"top-into-view\"><img decoding=\"async\" width=\"1024\" height=\"1024\" title=\"logo_centered_riding\" src=\"https:\/\/wiodahl.se\/wp-content\/uploads\/2025\/06\/logo_centered_riding.jpg\" data-orig-src=\"https:\/\/wiodahl.se\/wp-content\/uploads\/2025\/06\/logo_centered_riding-1024x1024.jpg\" alt class=\"lazyload img-responsive wp-image-1351\" srcset=\"data:image\/svg+xml,%3Csvg%20xmlns%3D%27http%3A%2F%2Fwww.w3.org%2F2000%2Fsvg%27%20width%3D%272100%27%20height%3D%272100%27%20viewBox%3D%270%200%202100%202100%27%3E%3Crect%20width%3D%272100%27%20height%3D%272100%27%20fill-opacity%3D%220%22%2F%3E%3C%2Fsvg%3E\" data-srcset=\"https:\/\/wiodahl.se\/wp-content\/uploads\/2025\/06\/logo_centered_riding-200x200.jpg 200w, https:\/\/wiodahl.se\/wp-content\/uploads\/2025\/06\/logo_centered_riding-400x400.jpg 400w, https:\/\/wiodahl.se\/wp-content\/uploads\/2025\/06\/logo_centered_riding-600x600.jpg 600w, https:\/\/wiodahl.se\/wp-content\/uploads\/2025\/06\/logo_centered_riding-800x800.jpg 800w, https:\/\/wiodahl.se\/wp-content\/uploads\/2025\/06\/logo_centered_riding-1200x1200.jpg 1200w\" data-sizes=\"auto\" data-orig-sizes=\"(max-width: 640px) 100vw, 400px\" \/><\/span><\/div><\/div><\/div><\/div><\/div><div class=\"fusion-fullwidth fullwidth-box fusion-builder-row-3 fusion-flex-container nonhundred-percent-fullwidth non-hundred-percent-height-scrolling\" style=\"--link_hover_color: var(--awb-color5);--link_color: var(--awb-color5);--awb-border-sizes-top:0px;--awb-border-sizes-bottom:0px;--awb-border-sizes-left:0px;--awb-border-sizes-right:0px;--awb-border-color:var(--awb-color3);--awb-border-radius-top-left:0px;--awb-border-radius-top-right:0px;--awb-border-radius-bottom-right:0px;--awb-border-radius-bottom-left:0px;--awb-padding-top:96px;--awb-padding-right:30px;--awb-padding-bottom:96px;--awb-padding-left:30px;--awb-padding-top-medium:72px;--awb-padding-bottom-medium:72px;--awb-padding-top-small:48px;--awb-padding-bottom-small:48px;--awb-margin-top:0px;--awb-margin-bottom:0px;--awb-background-color:var(--awb-color1);--awb-flex-wrap:wrap;\" ><div class=\"fusion-builder-row fusion-row fusion-flex-align-items-stretch fusion-flex-content-wrap\" style=\"max-width:1248px;margin-left: calc(-4% \/ 2 );margin-right: calc(-4% \/ 2 );\"><div class=\"fusion-layout-column fusion_builder_column fusion-builder-column-3 fusion_builder_column_1_3 1_3 fusion-flex-column fusion-animated\" style=\"--awb-bg-color:var(--awb-color2);--awb-bg-color-hover:var(--awb-color2);--awb-bg-size:cover;--awb-width-large:33.333333333333%;--awb-margin-top-large:0px;--awb-spacing-right-large:5.76%;--awb-margin-bottom-large:0px;--awb-spacing-left-large:5.76%;--awb-width-medium:33.333333333333%;--awb-order-medium:0;--awb-spacing-right-medium:5.76%;--awb-spacing-left-medium:5.76%;--awb-width-small:100%;--awb-order-small:1;--awb-spacing-right-small:1.92%;--awb-margin-bottom-small:40px;--awb-spacing-left-small:1.92%;\" data-animationType=\"fadeInUp\" data-animationDuration=\"1.3\" data-animationOffset=\"top-into-view\"><div class=\"fusion-column-wrapper fusion-column-has-shadow fusion-flex-justify-content-flex-start fusion-content-layout-column\"><div class=\"fusion-builder-row fusion-builder-row-inner fusion-row fusion-flex-align-items-stretch fusion-flex-content-wrap\" style=\"width:104% !important;max-width:104% !important;margin-left: calc(-4% \/ 2 );margin-right: calc(-4% \/ 2 );\"><div class=\"fusion-layout-column fusion_builder_column_inner fusion-builder-nested-column-0 fusion_builder_column_inner_1_1 1_1 fusion-flex-column\" style=\"--awb-bg-size:cover;--awb-width-large:100%;--awb-margin-top-large:0px;--awb-spacing-right-large:1.92%;--awb-margin-bottom-large:0px;--awb-spacing-left-large:1.92%;--awb-width-medium:100%;--awb-order-medium:0;--awb-spacing-right-medium:1.92%;--awb-spacing-left-medium:1.92%;--awb-width-small:100%;--awb-order-small:0;--awb-spacing-right-small:1.92%;--awb-spacing-left-small:1.92%;\"><div class=\"fusion-column-wrapper fusion-column-has-shadow fusion-flex-justify-content-flex-start fusion-content-layout-column\"><div class=\"fusion-image-element \" style=\"--awb-caption-overlay-color:var(--awb-color1);--awb-caption-title-font-family:var(--h2_typography-font-family);--awb-caption-title-font-weight:var(--h2_typography-font-weight);--awb-caption-title-font-style:var(--h2_typography-font-style);--awb-caption-title-size:var(--h2_typography-font-size);--awb-caption-title-transform:var(--h2_typography-text-transform);--awb-caption-title-line-height:var(--h2_typography-line-height);--awb-caption-title-letter-spacing:var(--h2_typography-letter-spacing);\"><span class=\" fusion-imageframe imageframe-none imageframe-2 hover-type-none\"><img decoding=\"async\" width=\"300\" height=\"200\" title=\"_MG_4404\" src=\"https:\/\/wiodahl.se\/wp-content\/uploads\/2025\/06\/MG_4404-scaled.jpg\" data-orig-src=\"https:\/\/wiodahl.se\/wp-content\/uploads\/2025\/06\/MG_4404-300x200.jpg\" alt class=\"lazyload img-responsive wp-image-1296\" srcset=\"data:image\/svg+xml,%3Csvg%20xmlns%3D%27http%3A%2F%2Fwww.w3.org%2F2000%2Fsvg%27%20width%3D%272560%27%20height%3D%271707%27%20viewBox%3D%270%200%202560%201707%27%3E%3Crect%20width%3D%272560%27%20height%3D%271707%27%20fill-opacity%3D%220%22%2F%3E%3C%2Fsvg%3E\" data-srcset=\"https:\/\/wiodahl.se\/wp-content\/uploads\/2025\/06\/MG_4404-200x133.jpg 200w, https:\/\/wiodahl.se\/wp-content\/uploads\/2025\/06\/MG_4404-400x267.jpg 400w, https:\/\/wiodahl.se\/wp-content\/uploads\/2025\/06\/MG_4404-600x400.jpg 600w, https:\/\/wiodahl.se\/wp-content\/uploads\/2025\/06\/MG_4404-800x533.jpg 800w, https:\/\/wiodahl.se\/wp-content\/uploads\/2025\/06\/MG_4404-1200x800.jpg 1200w\" data-sizes=\"auto\" data-orig-sizes=\"(max-width: 640px) 100vw, 1200px\" \/><\/span><\/div><\/div><\/div><\/div><div class=\"fusion-text fusion-text-2 fusion-text-no-margin\" style=\"--awb-font-size:var(--awb-typography4-font-size);--awb-line-height:var(--awb-typography4-line-height);--awb-letter-spacing:var(--awb-typography4-letter-spacing);--awb-text-transform:var(--awb-typography4-text-transform);--awb-text-color:var(--awb-color6);--awb-margin-right:40px;--awb-margin-bottom:45px;--awb-margin-left:40px;--awb-text-font-family:var(--awb-typography4-font-family);--awb-text-font-weight:var(--awb-typography4-font-weight);--awb-text-font-style:var(--awb-typography4-font-style);\"><p>Kontakta mig<\/p>\n<p>Mail: wiodahlhastochryttare@outlook.com<\/p>\n<p>Mobil: 076-846 44 20<\/p>\n<p>Sociala medier: @wiodahlhastochryttare<\/p>\n<\/div><div class=\"fusion-separator fusion-full-width-sep\" style=\"align-self: center;margin-left: auto;margin-right: auto;flex-grow:1;width:100%;\"><\/div><\/div><\/div><div class=\"fusion-layout-column fusion_builder_column fusion-builder-column-4 fusion_builder_column_1_3 1_3 fusion-flex-column fusion-animated\" style=\"--awb-bg-color:var(--awb-color2);--awb-bg-color-hover:var(--awb-color2);--awb-bg-size:cover;--awb-width-large:33.333333333333%;--awb-margin-top-large:0px;--awb-spacing-right-large:5.76%;--awb-margin-bottom-large:0px;--awb-spacing-left-large:5.76%;--awb-width-medium:33.333333333333%;--awb-order-medium:0;--awb-spacing-right-medium:5.76%;--awb-spacing-left-medium:5.76%;--awb-width-small:100%;--awb-order-small:1;--awb-spacing-right-small:1.92%;--awb-margin-bottom-small:40px;--awb-spacing-left-small:1.92%;\" data-animationType=\"fadeInUp\" data-animationDuration=\"1.3\" data-animationOffset=\"top-into-view\"><div class=\"fusion-column-wrapper fusion-column-has-shadow fusion-flex-justify-content-flex-start fusion-content-layout-column\"><div class=\"fusion-builder-row fusion-builder-row-inner fusion-row fusion-flex-align-items-stretch fusion-flex-content-wrap\" style=\"width:104% !important;max-width:104% !important;margin-left: calc(-4% \/ 2 );margin-right: calc(-4% \/ 2 );\"><div class=\"fusion-layout-column fusion_builder_column_inner fusion-builder-nested-column-1 fusion_builder_column_inner_1_1 1_1 fusion-flex-column\" style=\"--awb-bg-size:cover;--awb-width-large:100%;--awb-margin-top-large:0px;--awb-spacing-right-large:1.92%;--awb-margin-bottom-large:0px;--awb-spacing-left-large:1.92%;--awb-width-medium:100%;--awb-order-medium:0;--awb-spacing-right-medium:1.92%;--awb-spacing-left-medium:1.92%;--awb-width-small:100%;--awb-order-small:0;--awb-spacing-right-small:1.92%;--awb-spacing-left-small:1.92%;\"><div class=\"fusion-column-wrapper fusion-column-has-shadow fusion-flex-justify-content-flex-start fusion-content-layout-column\"><div class=\"fusion-image-element \" style=\"--awb-caption-overlay-color:var(--awb-color1);--awb-caption-title-font-family:var(--h2_typography-font-family);--awb-caption-title-font-weight:var(--h2_typography-font-weight);--awb-caption-title-font-style:var(--h2_typography-font-style);--awb-caption-title-size:var(--h2_typography-font-size);--awb-caption-title-transform:var(--h2_typography-text-transform);--awb-caption-title-line-height:var(--h2_typography-line-height);--awb-caption-title-letter-spacing:var(--h2_typography-letter-spacing);\"><span class=\" fusion-imageframe imageframe-none imageframe-3 hover-type-none\"><img decoding=\"async\" width=\"2560\" height=\"1707\" title=\"IMG_2473\" src=\"https:\/\/wiodahl.se\/wp-content\/uploads\/2025\/06\/IMG_2473-scaled.jpg\" data-orig-src=\"https:\/\/wiodahl.se\/wp-content\/uploads\/2025\/06\/IMG_2473-scaled.jpg\" alt class=\"lazyload img-responsive wp-image-1310\" srcset=\"data:image\/svg+xml,%3Csvg%20xmlns%3D%27http%3A%2F%2Fwww.w3.org%2F2000%2Fsvg%27%20width%3D%272560%27%20height%3D%271707%27%20viewBox%3D%270%200%202560%201707%27%3E%3Crect%20width%3D%272560%27%20height%3D%271707%27%20fill-opacity%3D%220%22%2F%3E%3C%2Fsvg%3E\" data-srcset=\"https:\/\/wiodahl.se\/wp-content\/uploads\/2025\/06\/IMG_2473-200x133.jpg 200w, https:\/\/wiodahl.se\/wp-content\/uploads\/2025\/06\/IMG_2473-400x267.jpg 400w, https:\/\/wiodahl.se\/wp-content\/uploads\/2025\/06\/IMG_2473-600x400.jpg 600w, https:\/\/wiodahl.se\/wp-content\/uploads\/2025\/06\/IMG_2473-800x533.jpg 800w, https:\/\/wiodahl.se\/wp-content\/uploads\/2025\/06\/IMG_2473-1200x800.jpg 1200w, https:\/\/wiodahl.se\/wp-content\/uploads\/2025\/06\/IMG_2473-scaled.jpg 2560w\" data-sizes=\"auto\" data-orig-sizes=\"(max-width: 640px) 100vw, 1200px\" \/><\/span><\/div><\/div><\/div><\/div><div class=\"fusion-text fusion-text-3 fusion-text-no-margin\" style=\"--awb-font-size:var(--awb-typography4-font-size);--awb-line-height:var(--awb-typography4-line-height);--awb-letter-spacing:var(--awb-typography4-letter-spacing);--awb-text-transform:var(--awb-typography4-text-transform);--awb-text-color:var(--awb-color6);--awb-margin-right:40px;--awb-margin-bottom:45px;--awb-margin-left:40px;--awb-text-font-family:var(--awb-typography4-font-family);--awb-text-font-weight:var(--awb-typography4-font-weight);--awb-text-font-style:var(--awb-typography4-font-style);\"><p>Kommande tr\u00e4ningstillf\u00e4llen<\/p>\n<\/div><div class=\"fusion-separator fusion-full-width-sep\" style=\"align-self: center;margin-left: auto;margin-right: auto;flex-grow:1;width:100%;\"><\/div><div ><a class=\"fusion-button button-flat fusion-button-default-size button-custom fusion-button-default button-1 fusion-button-default-span \" style=\"--button_bevel_color:var(--awb-color4);--button_bevel_color_hover:var(--awb-color4);--button_accent_color:var(--awb-color8);--button_border_color:var(--awb-color8);--button_accent_hover_color:var(--awb-color8);--button_border_hover_color:var(--awb-color8);--button_border_width-top:0px;--button_border_width-right:0px;--button_border_width-bottom:0px;--button_border_width-left:0px;--button-border-radius-top-left:50px;--button-border-radius-top-right:50px;--button-border-radius-bottom-right:50px;--button-border-radius-bottom-left:50px;--button_gradient_start:49%;--button_gradient_end:0%;--button_gradient_top_color:var(--awb-color1);--button_gradient_bottom_color:var(--awb-color1);--button_gradient_top_color_hover:var(--awb-color4);--button_gradient_bottom_color_hover:var(--awb-color4);--button_text_transform:var(--awb-typography3-text-transform);--button_font_size:var(--awb-typography3-font-size);--button_line_height:var(--awb-typography3-line-height);--button_padding-top:12px;--button_padding-right:28px;--button_padding-bottom:12px;--button_padding-left:28px;--button_typography-letter-spacing:var(--awb-typography3-letter-spacing);--button_typography-font-family:var(--awb-typography3-font-family);--button_typography-font-weight:var(--awb-typography3-font-weight);--button_typography-font-style:var(--awb-typography3-font-style);--button_margin-right:40px;--button_margin-bottom:40px;--button_margin-left:40px;\" target=\"_self\"><span class=\"fusion-button-text awb-button__text awb-button__text--default\">Planerade tr\u00e4ningar<\/span><\/a><\/div><\/div><\/div><\/div><\/div><\/p>\n","protected":false},"excerpt":{"rendered":"","protected":false},"author":1,"featured_media":0,"parent":0,"menu_order":0,"comment_status":"closed","ping_status":"closed","template":"100-width.php","meta":{"footnotes":""},"class_list":["post-1290","page","type-page","status-publish","hentry"],"_links":{"self":[{"href":"https:\/\/wiodahl.se\/index.php?rest_route=\/wp\/v2\/pages\/1290","targetHints":{"allow":["GET"]}}],"collection":[{"href":"https:\/\/wiodahl.se\/index.php?rest_route=\/wp\/v2\/pages"}],"about":[{"href":"https:\/\/wiodahl.se\/index.php?rest_route=\/wp\/v2\/types\/page"}],"author":[{"embeddable":true,"href":"https:\/\/wiodahl.se\/index.php?rest_route=\/wp\/v2\/users\/1"}],"replies":[{"embeddable":true,"href":"https:\/\/wiodahl.se\/index.php?rest_route=%2Fwp%2Fv2%2Fcomments&post=1290"}],"version-history":[{"count":5,"href":"https:\/\/wiodahl.se\/index.php?rest_route=\/wp\/v2\/pages\/1290\/revisions"}],"predecessor-version":[{"id":1468,"href":"https:\/\/wiodahl.se\/index.php?rest_route=\/wp\/v2\/pages\/1290\/revisions\/1468"}],"wp:attachment":[{"href":"https:\/\/wiodahl.se\/index.php?rest_route=%2Fwp%2Fv2%2Fmedia&parent=1290"}],"curies":[{"name":"wp","href":"https:\/\/api.w.org\/{rel}","templated":true}]}}