{"id":1408,"date":"2025-06-08T09:45:11","date_gmt":"2025-06-08T09:45:11","guid":{"rendered":"https:\/\/wiodahl.se\/?page_id=1408"},"modified":"2025-10-28T20:42:11","modified_gmt":"2025-10-28T20:42:11","slug":"hastterapeut","status":"publish","type":"page","link":"https:\/\/wiodahl.se\/?page_id=1408","title":{"rendered":"H\u00e4stterapeut"},"content":{"rendered":"<div class=\"fusion-fullwidth fullwidth-box fusion-builder-row-1 fusion-flex-container has-pattern-background has-mask-background nonhundred-percent-fullwidth non-hundred-percent-height-scrolling\" style=\"--awb-border-radius-top-left:0px;--awb-border-radius-top-right:0px;--awb-border-radius-bottom-right:0px;--awb-border-radius-bottom-left:0px;--awb-flex-wrap:wrap;\" ><div class=\"fusion-builder-row fusion-row fusion-flex-align-items-flex-start fusion-flex-content-wrap\" style=\"max-width:1248px;margin-left: calc(-4% \/ 2 );margin-right: calc(-4% \/ 2 );\"><div class=\"fusion-layout-column fusion_builder_column fusion-builder-column-0 fusion_builder_column_1_4 1_4 fusion-flex-column\" style=\"--awb-bg-size:cover;--awb-width-large:25%;--awb-margin-top-large:0px;--awb-spacing-right-large:7.68%;--awb-margin-bottom-large:20px;--awb-spacing-left-large:7.68%;--awb-width-medium:25%;--awb-order-medium:0;--awb-spacing-right-medium:7.68%;--awb-spacing-left-medium:7.68%;--awb-width-small:100%;--awb-order-small:0;--awb-spacing-right-small:1.92%;--awb-spacing-left-small:1.92%;\"><div class=\"fusion-column-wrapper fusion-column-has-shadow fusion-flex-justify-content-flex-start fusion-content-layout-column\"><div class=\"fusion-image-element \" style=\"--awb-caption-title-font-family:var(--h2_typography-font-family);--awb-caption-title-font-weight:var(--h2_typography-font-weight);--awb-caption-title-font-style:var(--h2_typography-font-style);--awb-caption-title-size:var(--h2_typography-font-size);--awb-caption-title-transform:var(--h2_typography-text-transform);--awb-caption-title-line-height:var(--h2_typography-line-height);--awb-caption-title-letter-spacing:var(--h2_typography-letter-spacing);\"><span class=\" fusion-imageframe imageframe-none imageframe-1 hover-type-none\"><img decoding=\"async\" width=\"300\" height=\"200\" title=\"IMG_2462\" src=\"https:\/\/wiodahl.se\/wp-content\/uploads\/2025\/06\/IMG_2462-scaled.jpg\" data-orig-src=\"https:\/\/wiodahl.se\/wp-content\/uploads\/2025\/06\/IMG_2462-300x200.jpg\" alt class=\"lazyload img-responsive wp-image-1322\" srcset=\"data:image\/svg+xml,%3Csvg%20xmlns%3D%27http%3A%2F%2Fwww.w3.org%2F2000%2Fsvg%27%20width%3D%272560%27%20height%3D%271707%27%20viewBox%3D%270%200%202560%201707%27%3E%3Crect%20width%3D%272560%27%20height%3D%271707%27%20fill-opacity%3D%220%22%2F%3E%3C%2Fsvg%3E\" data-srcset=\"https:\/\/wiodahl.se\/wp-content\/uploads\/2025\/06\/IMG_2462-200x133.jpg 200w, https:\/\/wiodahl.se\/wp-content\/uploads\/2025\/06\/IMG_2462-400x267.jpg 400w, https:\/\/wiodahl.se\/wp-content\/uploads\/2025\/06\/IMG_2462-600x400.jpg 600w, https:\/\/wiodahl.se\/wp-content\/uploads\/2025\/06\/IMG_2462-800x533.jpg 800w, https:\/\/wiodahl.se\/wp-content\/uploads\/2025\/06\/IMG_2462-1200x800.jpg 1200w\" data-sizes=\"auto\" data-orig-sizes=\"(max-width: 640px) 100vw, 400px\" \/><\/span><\/div><\/div><\/div><div class=\"fusion-layout-column fusion_builder_column fusion-builder-column-1 fusion_builder_column_3_4 3_4 fusion-flex-column\" style=\"--awb-bg-size:cover;--awb-width-large:75%;--awb-margin-top-large:0px;--awb-spacing-right-large:2.56%;--awb-margin-bottom-large:20px;--awb-spacing-left-large:2.56%;--awb-width-medium:75%;--awb-order-medium:0;--awb-spacing-right-medium:2.56%;--awb-spacing-left-medium:2.56%;--awb-width-small:100%;--awb-order-small:0;--awb-spacing-right-small:1.92%;--awb-spacing-left-small:1.92%;\"><div class=\"fusion-column-wrapper fusion-column-has-shadow fusion-flex-justify-content-flex-start fusion-content-layout-column\"><div class=\"fusion-text fusion-text-1\"><p>H\u00e4stterapeut<\/p>\n<p>Under 2025 utbildar jag mig till H\u00e4stterapeut via EquiCare by Mattsson Academy.<\/p>\n<p>\nRegelbunden massage av h\u00e4sten har en l\u00e5ng rad positiva effekter. Massage bidrar<br \/>\nbland annat till \u00f6kad r\u00f6rlighet, mjukare muskler, \u00f6kar h\u00e4stens kroppsuppfattning,<br \/>\n\u00f6kad blodcirkulation och det hj\u00e4lper kroppen att rensa ut slaggprodukter. Massage kan \u00e4ven<br \/>\nbidra proaktivt genom att minska risker f\u00f6r skador till f\u00f6ljd av stelhet och<br \/>\n\u00f6veranstr\u00e4ngda muskler.<br \/>\nT\u00e4nk p\u00e5 detta n\u00e4r du bokar tid f\u00f6r massage:<\/p>\n<ul>\n<li>H\u00e4sten ska inte ha en aktiv p\u00e5g\u00e5ende infektion eller inflammation i kroppen.<\/li>\n<li>H\u00e4sten ska inte st\u00e5 under behandling av veterin\u00e4r.<\/li>\n<li>H\u00e4sten ska vara feberfri och inte uppvisa symtom p\u00e5 f\u00f6rkylning, kolik, f\u00e5ng<br \/>\neller andra sjukdomar.<\/li>\n<li>Uppvisar n\u00e5gon annan h\u00e4st i stallet symtom p\u00e5 sjukdom beh\u00f6ver detta<br \/>\nmeddelas mig.<\/li>\n<\/ul>\n<p>\u00c4r du os\u00e4ker kring n\u00e4r din h\u00e4st kan behandlas med massage \u00e4r det b\u00e4ttre att ringa<br \/>\nn\u00e4r du vill boka.<\/p>\n<\/div><\/div><\/div><\/div><\/div>\n","protected":false},"excerpt":{"rendered":"","protected":false},"author":1,"featured_media":0,"parent":0,"menu_order":0,"comment_status":"closed","ping_status":"closed","template":"100-width.php","meta":{"footnotes":""},"class_list":["post-1408","page","type-page","status-publish","hentry"],"_links":{"self":[{"href":"https:\/\/wiodahl.se\/index.php?rest_route=\/wp\/v2\/pages\/1408","targetHints":{"allow":["GET"]}}],"collection":[{"href":"https:\/\/wiodahl.se\/index.php?rest_route=\/wp\/v2\/pages"}],"about":[{"href":"https:\/\/wiodahl.se\/index.php?rest_route=\/wp\/v2\/types\/page"}],"author":[{"embeddable":true,"href":"https:\/\/wiodahl.se\/index.php?rest_route=\/wp\/v2\/users\/1"}],"replies":[{"embeddable":true,"href":"https:\/\/wiodahl.se\/index.php?rest_route=%2Fwp%2Fv2%2Fcomments&post=1408"}],"version-history":[{"count":2,"href":"https:\/\/wiodahl.se\/index.php?rest_route=\/wp\/v2\/pages\/1408\/revisions"}],"predecessor-version":[{"id":1464,"href":"https:\/\/wiodahl.se\/index.php?rest_route=\/wp\/v2\/pages\/1408\/revisions\/1464"}],"wp:attachment":[{"href":"https:\/\/wiodahl.se\/index.php?rest_route=%2Fwp%2Fv2%2Fmedia&parent=1408"}],"curies":[{"name":"wp","href":"https:\/\/api.w.org\/{rel}","templated":true}]}}