{"id":1410,"date":"2025-06-08T09:47:29","date_gmt":"2025-06-08T09:47:29","guid":{"rendered":"https:\/\/wiodahl.se\/?page_id=1410"},"modified":"2025-10-28T20:39:33","modified_gmt":"2025-10-28T20:39:33","slug":"swus","status":"publish","type":"page","link":"https:\/\/wiodahl.se\/?page_id=1410","title":{"rendered":"SWUS"},"content":{"rendered":"<div class=\"fusion-fullwidth fullwidth-box fusion-builder-row-1 fusion-flex-container has-pattern-background has-mask-background nonhundred-percent-fullwidth non-hundred-percent-height-scrolling\" style=\"--awb-border-radius-top-left:0px;--awb-border-radius-top-right:0px;--awb-border-radius-bottom-right:0px;--awb-border-radius-bottom-left:0px;--awb-flex-wrap:wrap;\" ><div class=\"fusion-builder-row fusion-row fusion-flex-align-items-flex-start fusion-flex-content-wrap\" style=\"max-width:1248px;margin-left: calc(-4% \/ 2 );margin-right: calc(-4% \/ 2 );\"><div class=\"fusion-layout-column fusion_builder_column fusion-builder-column-0 fusion_builder_column_4_5 4_5 fusion-flex-column\" style=\"--awb-bg-position:center center;--awb-bg-size:contain;--awb-width-large:80%;--awb-margin-top-large:0px;--awb-spacing-right-large:2.4%;--awb-margin-bottom-large:20px;--awb-spacing-left-large:2.4%;--awb-width-medium:80%;--awb-order-medium:0;--awb-spacing-right-medium:2.4%;--awb-spacing-left-medium:2.4%;--awb-width-small:100%;--awb-order-small:0;--awb-spacing-right-small:1.92%;--awb-spacing-left-small:1.92%;\"><div class=\"fusion-column-wrapper fusion-column-has-shadow fusion-flex-justify-content-center fusion-content-layout-row\"><div class=\"fusion-text fusion-text-1\"><h5>Uppbyggande tr\u00e4ning f\u00f6r h\u00e4st<\/h5>\n<p>SWUS \u2013 Susanne Widners Uppbyggande System<br \/>\nJag \u00e4r sedan 2021 diplomerad i SWUS. Den uppbyggande tr\u00e4ningen bygger p\u00e5<br \/>\nledorden M\u00e5ls\u00e4ttning, Analys, Tr\u00e4ningsplan och Team. Systemet \u00e4r utvecklat av<br \/>\nSusanne Widner.<br \/>\nSWUS \u00e4r till f\u00f6r alla, oavsett m\u00e5l och ambitionsniv\u00e5 s\u00e5 beh\u00f6ver h\u00e4starna f\u00e5 r\u00e4tt<br \/>\nf\u00f6ruts\u00e4ttningar f\u00f6r att klara sin uppgift. Om m\u00e5let \u00e4r att g\u00e5 i hagen som s\u00e4llskap eller<br \/>\nhoppa banor p\u00e5 h\u00f6ga h\u00f6jder s\u00e5 beh\u00f6ver din h\u00e4st f\u00e5 vara frisk, leva ett sunt aktivt liv<br \/>\noch \u00e4ven f\u00e5 f\u00f6ruts\u00e4ttningen f\u00f6r att vara s\u00e5 h\u00e5llbar som m\u00f6jligt. Liksom alla levande<br \/>\nvarelser beh\u00f6ver vi vara aktiva och ge v\u00e5ra kroppar b\u00e4sta f\u00f6ruts\u00e4ttningarna f\u00f6r att<br \/>\nklara det vi vill utan att slita p\u00e5 oss. Fysisk aktivitet och tr\u00e4ning utifr\u00e5n m\u00e5l med en<br \/>\nrealistisk tr\u00e4ningsplan \u00e4r en mycket god f\u00f6ruts\u00e4ttning f\u00f6r god h\u00e4lsa i kropp och sinne.<\/p>\n<p><strong>M\u00c5LS\u00c4TTNING<\/strong><br \/>\nS\u00e4tter ord p\u00e5 vad du och din h\u00e4st vill klara p\u00e5 kort och l\u00e5ng sikt. M\u00e5ls\u00e4ttningen f\u00e5r<br \/>\n\u00e4ven inneh\u00e5lla delm\u00e5l. M\u00e5let f\u00e5r g\u00e4rna vara SMART \u2013 Specifikt, m\u00e4tbart, accepterat,<br \/>\nrealistiskt och tidsbest\u00e4mt. Jag hj\u00e4lper dig g\u00e4rna i er m\u00e5ls\u00e4ttning. Det kan finnas ett<br \/>\nm\u00e5l f\u00f6r h\u00e4sten, ett f\u00f6r dig och ett f\u00f6r er tillsammans. Vad som funkar b\u00e4st f\u00f6r er<br \/>\nutifr\u00e5n era f\u00f6ruts\u00e4ttningar.<\/p>\n<p><strong>ANALYS<\/strong><br \/>\nI analysen av nul\u00e4get framkommer vad som \u00e4r h\u00e4stens starka resp svaga sida. Vad<br \/>\nsom fungerar bra och mindre bra. Hur symmetriskt\/asymmetriskt r\u00f6relsem\u00f6nstret.<br \/>\nVad beh\u00f6vs f\u00f6r att kunna n\u00e5 m\u00e5let.<\/p>\n<p><strong>TR\u00c4NINGSPLAN<\/strong><br \/>\nTr\u00e4ningsplanen skapas utifr\u00e5n m\u00e5len och analysen. Med konkreta \u00f6vningar med<br \/>\nfokus p\u00e5 Styrka, Kondition och Koordination anpassade efter just din h\u00e4st och era<br \/>\nbehov.<\/p>\n<p><strong>TEAM<\/strong><br \/>\nAtt t\u00e4nka i begreppet team runt sin h\u00e4st g\u00f6r att tr\u00e4ningen och vanorna blir mer<br \/>\nh\u00e5llbara. Vilka ing\u00e5r i just ert team? Det kan vara Hovslagaren, Veterin\u00e4ren, En n\u00e4ra<br \/>\npeppande v\u00e4n, Instrukt\u00f6r, H\u00e4stmass\u00f6r, Tr\u00e4nare mfl. Vilka finns runt dig och din h\u00e4st.<br \/>\nBeh\u00f6vs det fler i teamet f\u00f6r att ni ska n\u00e5 era m\u00e5l?<\/p>\n<\/div><\/div><\/div><div class=\"fusion-layout-column fusion_builder_column fusion-builder-column-1 fusion_builder_column_5_6 5_6 fusion-flex-column\" style=\"--awb-bg-size:cover;--awb-width-large:83.333333333333%;--awb-margin-top-large:0px;--awb-spacing-right-large:2.304%;--awb-margin-bottom-large:20px;--awb-spacing-left-large:2.304%;--awb-width-medium:83.333333333333%;--awb-order-medium:0;--awb-spacing-right-medium:2.304%;--awb-spacing-left-medium:2.304%;--awb-width-small:100%;--awb-order-small:0;--awb-spacing-right-small:1.92%;--awb-spacing-left-small:1.92%;\"><div class=\"fusion-column-wrapper fusion-column-has-shadow fusion-flex-justify-content-flex-start fusion-content-layout-column\"><div class=\"fusion-image-element \" style=\"--awb-caption-title-font-family:var(--h2_typography-font-family);--awb-caption-title-font-weight:var(--h2_typography-font-weight);--awb-caption-title-font-style:var(--h2_typography-font-style);--awb-caption-title-size:var(--h2_typography-font-size);--awb-caption-title-transform:var(--h2_typography-text-transform);--awb-caption-title-line-height:var(--h2_typography-line-height);--awb-caption-title-letter-spacing:var(--h2_typography-letter-spacing);\"><span class=\" fusion-imageframe imageframe-none imageframe-1 hover-type-none\"><img decoding=\"async\" width=\"1024\" height=\"683\" title=\"IMG_2415\" src=\"https:\/\/wiodahl.se\/wp-content\/uploads\/2025\/06\/IMG_2415-scaled.jpg\" data-orig-src=\"https:\/\/wiodahl.se\/wp-content\/uploads\/2025\/06\/IMG_2415-1024x683.jpg\" alt class=\"lazyload img-responsive wp-image-1331\" srcset=\"data:image\/svg+xml,%3Csvg%20xmlns%3D%27http%3A%2F%2Fwww.w3.org%2F2000%2Fsvg%27%20width%3D%272560%27%20height%3D%271707%27%20viewBox%3D%270%200%202560%201707%27%3E%3Crect%20width%3D%272560%27%20height%3D%271707%27%20fill-opacity%3D%220%22%2F%3E%3C%2Fsvg%3E\" data-srcset=\"https:\/\/wiodahl.se\/wp-content\/uploads\/2025\/06\/IMG_2415-200x133.jpg 200w, https:\/\/wiodahl.se\/wp-content\/uploads\/2025\/06\/IMG_2415-400x267.jpg 400w, https:\/\/wiodahl.se\/wp-content\/uploads\/2025\/06\/IMG_2415-600x400.jpg 600w, https:\/\/wiodahl.se\/wp-content\/uploads\/2025\/06\/IMG_2415-800x533.jpg 800w, https:\/\/wiodahl.se\/wp-content\/uploads\/2025\/06\/IMG_2415-1200x800.jpg 1200w\" data-sizes=\"auto\" data-orig-sizes=\"(max-width: 640px) 100vw, 1200px\" \/><\/span><\/div><\/div><\/div><\/div><\/div>\n","protected":false},"excerpt":{"rendered":"","protected":false},"author":1,"featured_media":0,"parent":0,"menu_order":0,"comment_status":"closed","ping_status":"closed","template":"100-width.php","meta":{"footnotes":""},"class_list":["post-1410","page","type-page","status-publish","hentry"],"_links":{"self":[{"href":"https:\/\/wiodahl.se\/index.php?rest_route=\/wp\/v2\/pages\/1410","targetHints":{"allow":["GET"]}}],"collection":[{"href":"https:\/\/wiodahl.se\/index.php?rest_route=\/wp\/v2\/pages"}],"about":[{"href":"https:\/\/wiodahl.se\/index.php?rest_route=\/wp\/v2\/types\/page"}],"author":[{"embeddable":true,"href":"https:\/\/wiodahl.se\/index.php?rest_route=\/wp\/v2\/users\/1"}],"replies":[{"embeddable":true,"href":"https:\/\/wiodahl.se\/index.php?rest_route=%2Fwp%2Fv2%2Fcomments&post=1410"}],"version-history":[{"count":2,"href":"https:\/\/wiodahl.se\/index.php?rest_route=\/wp\/v2\/pages\/1410\/revisions"}],"predecessor-version":[{"id":1463,"href":"https:\/\/wiodahl.se\/index.php?rest_route=\/wp\/v2\/pages\/1410\/revisions\/1463"}],"wp:attachment":[{"href":"https:\/\/wiodahl.se\/index.php?rest_route=%2Fwp%2Fv2%2Fmedia&parent=1410"}],"curies":[{"name":"wp","href":"https:\/\/api.w.org\/{rel}","templated":true}]}}